{"id":128,"date":"2013-09-18T07:14:17","date_gmt":"2013-09-18T07:14:17","guid":{"rendered":"http:\/\/192.168.1.95\/wordpress\/flat-theme\/?page_id=128"},"modified":"2016-06-10T12:52:57","modified_gmt":"2016-06-10T12:52:57","slug":"career","status":"publish","type":"page","link":"https:\/\/feestvanhetkoninkrijk.nl\/?page_id=128","title":{"rendered":"Weekthema&#8217;s"},"content":{"rendered":"<h4>Week 1<\/h4>\n<p>\u2018Onze Vader in de hemel, laat uw naam geheiligd worden\u2019<br \/>\n<em>God is onze Vader en wij bidden als zijn geliefde dochters en zonen<\/em><\/p>\n<h4>Week 2<\/h4>\n<p>\u2018Laat uw Koninkrijk komen en uw wil gedaan worden op aarde zoals in de hemel\u2019<br \/>\n<em>God maakt zijn schepping heel en wij worden betrokken in die heelmaking<\/em><\/p>\n<h4>Week 3<\/h4>\n<p>\u2018Geef ons vandaag het brood dat wij nodig hebben\u2019<br \/>\n<em>God brengt recht en nodigt ons uit om een gemeenschap van gerechtigheidte zijn<\/em><\/p>\n<h4>Week 4<\/h4>\n<p>\u2018Vergeef ons onze schulden, zoals ook wij vergeven wie ons iets schuldig is\u2019<br \/>\n<em>Wij mogen leven in vrijheid \u2013 als vergeven mensen die ook elkaar vergeven<\/em><\/p>\n<h4>Week 5<\/h4>\n<p>\u2018En leid ons niet in verzoeking maar verlos ons van de boze\u2019<br \/>\n<em>God bevrijdt en nodigt ons uit om een bevrijdende gemeenschap zijn<\/em><\/p>\n<h4>Week 6<\/h4>\n<p>\u2018Want van U is het Koninkrijk, en de kracht en de heerlijkheid tot in eeuwigheid. Amen\u2019<br \/>\n<em>God maakt het waar en Hij nodigt ons uit om te leven vanuit zijn toekomst<\/em><\/p>\n<p>&nbsp;<\/p>\n<p>&nbsp;<\/p>\n<blockquote><p>\u2022 Zes themazondagen<\/p><\/blockquote>\n<p>Elke week staat \u00e9\u00e9n thema centraal, dat ge\u00efntroduceerd wordt in de kerkdienst(en).<\/p>\n<blockquote><p>\u2022 Stille tijd thuis<\/p><\/blockquote>\n<p>Elk themahoofdstuk bestaat uit zes gedeelten, zodat je elke dag \u00e9\u00e9n gedeelte kunt lezen. Bij elk gedeelte staan ook persoonlijke verwerkingsvragen. De nadruk ligt op je eigen leven met God.<\/p>\n<blockquote><p>\u2022 Wekelijkse groeigroepen<\/p><\/blockquote>\n<p>Wekelijks kom je bijeen in een groeigroep. Het gespreksmateriaal voor de groeigroepen vind je achterin het boek. De nadruk ligt op het gemeente-zijn: hoe kun je groeien als gemeenschap van Gods Koninkrijk?<\/p>\n<p>&nbsp;<\/p>\n<h3>Suggestie: maak er een 12-wekenproject van\u2026<\/h3>\n<p>Er komt in dit boek veel aan de orde. Je kunt er als gemeente daarom ook voor kiezen om daar meer tijd voor te nemen dan zes weken. Je kunt bijvoorbeeld prima twee weken nemen voor elk themahoofdstuk:<br \/>\n\u2022 Elk hoofdstuk biedt ruimschoots stof voor twee themadiensten.<br \/>\n\u2022 Elke eerste week heb je groeigroep, elke tweede week is er ruimte voor een gemeentebrede activiteit (die georganiseerd kan worden door een of twee groeigroepen).<br \/>\nBijvoorbeeld een aanbiddingsavond (week 1), een natuurwandeling (week 2), een feestelijke maaltijd voor de hele buurt (week 3), een avond met ministrygebed (week 4), een creatieve avond met workshops schilderen en drama rond het thema \u2018Geliefde dochters en zonen van de Vader\u2019 (week 5), een avond van gebed voor de stad of het dorp (week 6).<\/p>\n","protected":false},"excerpt":{"rendered":"<p> [&hellip;]<\/p>\n","protected":false},"author":2,"featured_media":0,"parent":0,"menu_order":0,"comment_status":"open","ping_status":"open","template":"","meta":{"jetpack_post_was_ever_published":false,"footnotes":""},"jetpack_sharing_enabled":true,"jetpack_shortlink":"https:\/\/wp.me\/PaRXPA-24","_links":{"self":[{"href":"https:\/\/feestvanhetkoninkrijk.nl\/index.php?rest_route=\/wp\/v2\/pages\/128"}],"collection":[{"href":"https:\/\/feestvanhetkoninkrijk.nl\/index.php?rest_route=\/wp\/v2\/pages"}],"about":[{"href":"https:\/\/feestvanhetkoninkrijk.nl\/index.php?rest_route=\/wp\/v2\/types\/page"}],"author":[{"embeddable":true,"href":"https:\/\/feestvanhetkoninkrijk.nl\/index.php?rest_route=\/wp\/v2\/users\/2"}],"replies":[{"embeddable":true,"href":"https:\/\/feestvanhetkoninkrijk.nl\/index.php?rest_route=%2Fwp%2Fv2%2Fcomments&post=128"}],"version-history":[{"count":13,"href":"https:\/\/feestvanhetkoninkrijk.nl\/index.php?rest_route=\/wp\/v2\/pages\/128\/revisions"}],"predecessor-version":[{"id":462,"href":"https:\/\/feestvanhetkoninkrijk.nl\/index.php?rest_route=\/wp\/v2\/pages\/128\/revisions\/462"}],"wp:attachment":[{"href":"https:\/\/feestvanhetkoninkrijk.nl\/index.php?rest_route=%2Fwp%2Fv2%2Fmedia&parent=128"}],"curies":[{"name":"wp","href":"https:\/\/api.w.org\/{rel}","templated":true}]}}